{"id":52,"date":"2025-02-24T13:46:18","date_gmt":"2025-02-24T12:46:18","guid":{"rendered":"https:\/\/www.primetta.de\/?page_id=52"},"modified":"2025-08-04T15:27:01","modified_gmt":"2025-08-04T13:27:01","slug":"schneebrillen","status":"publish","type":"page","link":"https:\/\/www.primetta.de\/es\/produkte\/schneebrillen\/","title":{"rendered":"Schneebrillen"},"content":{"rendered":"\n<div class=\"wp-block-cover alignfull show-on-all\" style=\"min-height:600px;aspect-ratio:unset;\"><img loading=\"lazy\" decoding=\"async\" width=\"1920\" height=\"600\" class=\"wp-block-cover__image-background wp-image-75\" alt=\"\" src=\"https:\/\/www.primetta.de\/wp-content\/uploads\/2025\/02\/Hintergrund_Header_Produktseite.svg\" data-object-fit=\"cover\"\/><span aria-hidden=\"true\" class=\"wp-block-cover__background has-background-dim-0 has-background-dim\" style=\"background-color:#71706c\"><\/span><div class=\"wp-block-cover__inner-container is-layout-constrained wp-block-cover-is-layout-constrained\">\n<div class=\"wp-block-columns show-on-all is-layout-flex wp-container-core-columns-is-layout-9d6595d7 wp-block-columns-is-layout-flex\">\n<div class=\"wp-block-column hdss-hide-on-mobile is-layout-flow wp-block-column-is-layout-flow\" style=\"flex-basis:640px\">\n<figure class=\"wp-block-image size-full use-move-image margin-top-160px has-image-parallax show-on-all\" data-layer=\"3\"><img loading=\"lazy\" decoding=\"async\" width=\"1977\" height=\"1350\" src=\"https:\/\/www.primetta.de\/wp-content\/uploads\/2025\/05\/Motiv_11_Quer.jpg\" alt=\"\" class=\"wp-image-2096\" srcset=\"https:\/\/www.primetta.de\/wp-content\/uploads\/2025\/05\/Motiv_11_Quer.jpg 1977w, https:\/\/www.primetta.de\/wp-content\/uploads\/2025\/05\/Motiv_11_Quer-300x205.jpg 300w, https:\/\/www.primetta.de\/wp-content\/uploads\/2025\/05\/Motiv_11_Quer-1024x699.jpg 1024w, https:\/\/www.primetta.de\/wp-content\/uploads\/2025\/05\/Motiv_11_Quer-768x524.jpg 768w, https:\/\/www.primetta.de\/wp-content\/uploads\/2025\/05\/Motiv_11_Quer-1536x1049.jpg 1536w\" sizes=\"auto, (max-width: 1977px) 100vw, 1977px\" \/><\/figure>\n<\/div>\n\n\n\n<div class=\"wp-block-column is-vertically-aligned-center show-on-all is-layout-flow wp-block-column-is-layout-flow\">\n<h1 class=\"wp-block-heading has-text-align-center is-style-heading-z-index show-on-all\">Gafas de nieve<\/h1>\n<\/div>\n\n\n\n<div class=\"wp-block-column hdss-hide-on-mobile is-layout-flow wp-block-column-is-layout-flow\" style=\"flex-basis:640px\">\n<figure class=\"wp-block-image size-full has-image-parallax show-on-all\" data-direction=\"with\" data-layer=\"3\"><img loading=\"lazy\" decoding=\"async\" width=\"1977\" height=\"1350\" src=\"https:\/\/www.primetta.de\/wp-content\/uploads\/2025\/05\/Motiv_9_Quer.jpg\" alt=\"\" class=\"wp-image-2050\" srcset=\"https:\/\/www.primetta.de\/wp-content\/uploads\/2025\/05\/Motiv_9_Quer.jpg 1977w, https:\/\/www.primetta.de\/wp-content\/uploads\/2025\/05\/Motiv_9_Quer-300x205.jpg 300w, https:\/\/www.primetta.de\/wp-content\/uploads\/2025\/05\/Motiv_9_Quer-1024x699.jpg 1024w, https:\/\/www.primetta.de\/wp-content\/uploads\/2025\/05\/Motiv_9_Quer-768x524.jpg 768w, https:\/\/www.primetta.de\/wp-content\/uploads\/2025\/05\/Motiv_9_Quer-1536x1049.jpg 1536w\" sizes=\"auto, (max-width: 1977px) 100vw, 1977px\" \/><\/figure>\n<\/div>\n<\/div>\n<\/div><\/div>\n\n\n\n<div class=\"wp-block-group alignfull is-style-group-margin hdss-hide-on-desktop\"><div class=\"wp-block-group__inner-container is-layout-constrained wp-block-group-is-layout-constrained\">\n<figure class=\"wp-block-image size-full is-resized is-style-primetta-bild-rand-links show-on-all\" data-layer=\"0\"><img loading=\"lazy\" decoding=\"async\" width=\"900\" height=\"900\" src=\"https:\/\/www.primetta.de\/wp-content\/uploads\/2025\/06\/Header_Mobil_Schneebrillen.jpg\" alt=\"\" class=\"wp-image-2861\" style=\"object-fit:cover;width:420px;height:420px\" srcset=\"https:\/\/www.primetta.de\/wp-content\/uploads\/2025\/06\/Header_Mobil_Schneebrillen.jpg 900w, https:\/\/www.primetta.de\/wp-content\/uploads\/2025\/06\/Header_Mobil_Schneebrillen-300x300.jpg 300w, https:\/\/www.primetta.de\/wp-content\/uploads\/2025\/06\/Header_Mobil_Schneebrillen-150x150.jpg 150w, https:\/\/www.primetta.de\/wp-content\/uploads\/2025\/06\/Header_Mobil_Schneebrillen-768x768.jpg 768w\" sizes=\"auto, (max-width: 900px) 100vw, 900px\" \/><\/figure>\n<\/div><\/div>\n\n\n\n<div class=\"wp-block-columns show-on-all is-layout-flex wp-container-core-columns-is-layout-9d6595d7 wp-block-columns-is-layout-flex\">\n<div class=\"wp-block-column show-on-all is-layout-flow wp-block-column-is-layout-flow\" style=\"flex-basis:30%\">\n<h2 class=\"wp-block-heading has-brown-color has-text-color has-link-color show-on-all wp-elements-9b4446775ecde91a9ee1c335160eca42\">Nuestros Modelos<\/h2>\n\n\n\n<div style=\"height:10px\" aria-hidden=\"true\" class=\"wp-block-spacer show-on-all\"><\/div>\n\n\n\n<figure class=\"wp-block-image size-full show-on-all\" data-layer=\"0\"><img loading=\"lazy\" decoding=\"async\" width=\"129\" height=\"63\" src=\"https:\/\/www.primetta.de\/wp-content\/uploads\/2025\/06\/BackInBlack.png\" alt=\"\" class=\"wp-image-2819\"\/><\/figure>\n\n\n\n<div style=\"height:10px\" aria-hidden=\"true\" class=\"wp-block-spacer show-on-all\"><\/div>\n\n\n\n<p class=\"show-on-all\"><strong>Las gafas ideales para cada look y tipo de rostro, pensadas para los deportes de invierno.<\/strong><\/p>\n\n\n\n<p class=\"show-on-all\">Gracias a la tecnolog\u00eda Anti-Fog, aseguramos la m\u00e1xima protecci\u00f3n contra el empa\u00f1amiento, y con la tecnolog\u00eda de doble lente mejoramos el contraste. Nuestro equipo comercial estar\u00e1 encantado de informarte sobre la colecci\u00f3n actual.<\/p>\n\n\n\n<p class=\"show-on-all\">BACKINBLACK representa gafas funcionales para nieve y deporte, con precios atractivos.<\/p>\n\n\n\n<p class=\"show-on-all\">La marca combina dise\u00f1o moderno con un alto rendimiento t\u00e9cnico, pensada para clientes con todo tipo de necesidades: desde deportistas exigentes hasta personas con estilo en su d\u00eda a d\u00eda.<\/p>\n\n\n\n<div style=\"height:25px\" aria-hidden=\"true\" class=\"wp-block-spacer show-on-all\"><\/div>\n\n\n\n<h4 class=\"wp-block-heading show-on-all\">Ventajas de nuestras gafas de nieve:<\/h4>\n\n\n\n<div class=\"wp-block-columns are-vertically-aligned-center show-on-all is-layout-flex wp-container-core-columns-is-layout-9d6595d7 wp-block-columns-is-layout-flex\">\n<div class=\"wp-block-column is-vertically-aligned-center show-on-all is-layout-flow wp-block-column-is-layout-flow\" style=\"flex-basis:25%\">\n<figure class=\"wp-block-image size-full is-resized show-on-all\" data-layer=\"0\"><img loading=\"lazy\" decoding=\"async\" width=\"241\" height=\"240\" src=\"https:\/\/www.primetta.de\/wp-content\/uploads\/2025\/05\/Blenfrei.png\" alt=\"\" class=\"wp-image-2100\" style=\"width:auto;height:65px\" srcset=\"https:\/\/www.primetta.de\/wp-content\/uploads\/2025\/05\/Blenfrei.png 241w, https:\/\/www.primetta.de\/wp-content\/uploads\/2025\/05\/Blenfrei-150x150.png 150w\" sizes=\"auto, (max-width: 241px) 100vw, 241px\" \/><\/figure>\n<\/div>\n\n\n\n<div class=\"wp-block-column is-vertically-aligned-center show-on-all is-layout-flow wp-block-column-is-layout-flow\">\n<p class=\"show-on-all\"><strong>Visi\u00f3n sin reflejos<\/strong><\/p>\n<\/div>\n<\/div>\n<\/div>\n\n\n\n<div class=\"wp-block-column show-on-all is-layout-flow wp-block-column-is-layout-flow\" style=\"flex-basis:1%\"><\/div>\n\n\n\n<div class=\"wp-block-column show-on-all is-layout-flow wp-block-column-is-layout-flow\">\n<div style=\"height:250px\" aria-hidden=\"true\" class=\"wp-block-spacer show-on-all\"><\/div>\n\n\n<div class=\"produkte-grid\"><div class=\"produkt-row erste-reihe\"><div class=\"produkt-item besonderes-modell\"><div class=\"produkt-slider-wrapper\"><div class=\"produkt-slider\"><div class=\"produkt-slide\"><div class=\"besonderes-bild\"><img decoding=\"async\" class=\"details-button\" data-content=\"&lt;div class=&quot;wp-block-image&quot;&gt;\n&lt;figure class=&quot;aligncenter size-full show-on-all&quot; data-layer=&quot;0&quot;&gt;&lt;img loading=&quot;lazy&quot; decoding=&quot;async&quot; width=&quot;1791&quot; height=&quot;1200&quot; src=&quot;https:\/\/www.primetta.de\/wp-content\/uploads\/2025\/05\/Schneebrille_250505_01.jpg&quot; alt=&quot;&quot; class=&quot;wp-image-1738&quot; style=&quot;aspect-ratio:16\/9;object-fit:cover&quot; srcset=&quot;https:\/\/www.primetta.de\/wp-content\/uploads\/2025\/05\/Schneebrille_250505_01.jpg 1791w, https:\/\/www.primetta.de\/wp-content\/uploads\/2025\/05\/Schneebrille_250505_01-300x201.jpg 300w, https:\/\/www.primetta.de\/wp-content\/uploads\/2025\/05\/Schneebrille_250505_01-1024x686.jpg 1024w, https:\/\/www.primetta.de\/wp-content\/uploads\/2025\/05\/Schneebrille_250505_01-768x515.jpg 768w, https:\/\/www.primetta.de\/wp-content\/uploads\/2025\/05\/Schneebrille_250505_01-1536x1029.jpg 1536w&quot; sizes=&quot;auto, (max-width: 1791px) 100vw, 1791px&quot; \/&gt;&lt;\/figure&gt;\n&lt;\/div&gt;\" src=\"https:\/\/www.primetta.de\/wp-content\/uploads\/2025\/05\/Schneebrille_250505_01.jpg\" alt=\"Schneebrille 01\"><\/div><div class=\"produkt-thumbs\"><div><img decoding=\"async\" src=\"https:\/\/www.primetta.de\/wp-content\/uploads\/2025\/05\/Schneebrille_250505_01.jpg\" alt=\"\"><\/div><div><img decoding=\"async\" src=\"https:\/\/www.primetta.de\/wp-content\/uploads\/2025\/05\/Schneebrille_250505_03.jpg\" alt=\"\"><\/div><div><img decoding=\"async\" src=\"https:\/\/www.primetta.de\/wp-content\/uploads\/2025\/05\/Schneebrille_250505_02.jpg\" alt=\"\"><\/div><\/div><div class=\"produkt-buttons-unter-slider\"><div class=\"wp-block-button is-style-white\"><a class=\"wp-block-button__link wp-element-button\" href=\"\/es\/kontakt\/\">Contacto<\/a><\/div><div class=\"wp-block-buttons\"><div class=\"wp-block-button is-style-extra-icon\"><a class=\"wp-block-button__link wp-element-button details-button\" data-content=\"&lt;div class=&quot;wp-block-image&quot;&gt;\n&lt;figure class=&quot;aligncenter size-full show-on-all&quot; data-layer=&quot;0&quot;&gt;&lt;img loading=&quot;lazy&quot; decoding=&quot;async&quot; width=&quot;1791&quot; height=&quot;1200&quot; src=&quot;https:\/\/www.primetta.de\/wp-content\/uploads\/2025\/05\/Schneebrille_250505_01.jpg&quot; alt=&quot;&quot; class=&quot;wp-image-1738&quot; style=&quot;aspect-ratio:16\/9;object-fit:cover&quot; srcset=&quot;https:\/\/www.primetta.de\/wp-content\/uploads\/2025\/05\/Schneebrille_250505_01.jpg 1791w, https:\/\/www.primetta.de\/wp-content\/uploads\/2025\/05\/Schneebrille_250505_01-300x201.jpg 300w, https:\/\/www.primetta.de\/wp-content\/uploads\/2025\/05\/Schneebrille_250505_01-1024x686.jpg 1024w, https:\/\/www.primetta.de\/wp-content\/uploads\/2025\/05\/Schneebrille_250505_01-768x515.jpg 768w, https:\/\/www.primetta.de\/wp-content\/uploads\/2025\/05\/Schneebrille_250505_01-1536x1029.jpg 1536w&quot; sizes=&quot;auto, (max-width: 1791px) 100vw, 1791px&quot; \/&gt;&lt;\/figure&gt;\n&lt;\/div&gt;\">Detalles<\/a><\/div><\/div><\/div><\/div><div class=\"produkt-slide\"><div class=\"besonderes-bild\"><img decoding=\"async\" class=\"details-button\" data-content=\"&lt;div class=&quot;wp-block-image&quot;&gt;\n&lt;figure class=&quot;aligncenter size-full show-on-all&quot; data-layer=&quot;0&quot;&gt;&lt;img loading=&quot;lazy&quot; decoding=&quot;async&quot; width=&quot;1791&quot; height=&quot;1200&quot; src=&quot;https:\/\/www.primetta.de\/wp-content\/uploads\/2025\/05\/Schneebrille_250505_03.jpg&quot; alt=&quot;&quot; class=&quot;wp-image-990&quot; style=&quot;aspect-ratio:16\/9;object-fit:cover&quot; srcset=&quot;https:\/\/www.primetta.de\/wp-content\/uploads\/2025\/05\/Schneebrille_250505_03.jpg 1791w, https:\/\/www.primetta.de\/wp-content\/uploads\/2025\/05\/Schneebrille_250505_03-300x201.jpg 300w, https:\/\/www.primetta.de\/wp-content\/uploads\/2025\/05\/Schneebrille_250505_03-1024x686.jpg 1024w, https:\/\/www.primetta.de\/wp-content\/uploads\/2025\/05\/Schneebrille_250505_03-768x515.jpg 768w, https:\/\/www.primetta.de\/wp-content\/uploads\/2025\/05\/Schneebrille_250505_03-1536x1029.jpg 1536w&quot; sizes=&quot;auto, (max-width: 1791px) 100vw, 1791px&quot; \/&gt;&lt;\/figure&gt;\n&lt;\/div&gt;\" src=\"https:\/\/www.primetta.de\/wp-content\/uploads\/2025\/05\/Schneebrille_250505_03.jpg\" alt=\"Schneebrille 02\"><\/div><div class=\"produkt-thumbs\"><div><img decoding=\"async\" src=\"https:\/\/www.primetta.de\/wp-content\/uploads\/2025\/05\/Schneebrille_250505_01.jpg\" alt=\"\"><\/div><div><img decoding=\"async\" src=\"https:\/\/www.primetta.de\/wp-content\/uploads\/2025\/05\/Schneebrille_250505_03.jpg\" alt=\"\"><\/div><div><img decoding=\"async\" src=\"https:\/\/www.primetta.de\/wp-content\/uploads\/2025\/05\/Schneebrille_250505_02.jpg\" alt=\"\"><\/div><\/div><div class=\"produkt-buttons-unter-slider\"><div class=\"wp-block-button is-style-white\"><a class=\"wp-block-button__link wp-element-button\" href=\"\/es\/kontakt\/\">Contacto<\/a><\/div><div class=\"wp-block-buttons\"><div class=\"wp-block-button is-style-extra-icon\"><a class=\"wp-block-button__link wp-element-button details-button\" data-content=\"&lt;div class=&quot;wp-block-image&quot;&gt;\n&lt;figure class=&quot;aligncenter size-full show-on-all&quot; data-layer=&quot;0&quot;&gt;&lt;img loading=&quot;lazy&quot; decoding=&quot;async&quot; width=&quot;1791&quot; height=&quot;1200&quot; src=&quot;https:\/\/www.primetta.de\/wp-content\/uploads\/2025\/05\/Schneebrille_250505_03.jpg&quot; alt=&quot;&quot; class=&quot;wp-image-990&quot; style=&quot;aspect-ratio:16\/9;object-fit:cover&quot; srcset=&quot;https:\/\/www.primetta.de\/wp-content\/uploads\/2025\/05\/Schneebrille_250505_03.jpg 1791w, https:\/\/www.primetta.de\/wp-content\/uploads\/2025\/05\/Schneebrille_250505_03-300x201.jpg 300w, https:\/\/www.primetta.de\/wp-content\/uploads\/2025\/05\/Schneebrille_250505_03-1024x686.jpg 1024w, https:\/\/www.primetta.de\/wp-content\/uploads\/2025\/05\/Schneebrille_250505_03-768x515.jpg 768w, https:\/\/www.primetta.de\/wp-content\/uploads\/2025\/05\/Schneebrille_250505_03-1536x1029.jpg 1536w&quot; sizes=&quot;auto, (max-width: 1791px) 100vw, 1791px&quot; \/&gt;&lt;\/figure&gt;\n&lt;\/div&gt;\">Detalles<\/a><\/div><\/div><\/div><\/div><div class=\"produkt-slide\"><div class=\"besonderes-bild\"><img decoding=\"async\" class=\"details-button\" data-content=\"&lt;div class=&quot;wp-block-image&quot;&gt;\n&lt;figure class=&quot;aligncenter size-full show-on-all&quot; data-layer=&quot;0&quot;&gt;&lt;img loading=&quot;lazy&quot; decoding=&quot;async&quot; width=&quot;1791&quot; height=&quot;1200&quot; src=&quot;https:\/\/www.primetta.de\/wp-content\/uploads\/2025\/05\/Schneebrille_250505_02.jpg&quot; alt=&quot;&quot; class=&quot;wp-image-989&quot; style=&quot;aspect-ratio:16\/9;object-fit:cover&quot; srcset=&quot;https:\/\/www.primetta.de\/wp-content\/uploads\/2025\/05\/Schneebrille_250505_02.jpg 1791w, https:\/\/www.primetta.de\/wp-content\/uploads\/2025\/05\/Schneebrille_250505_02-300x201.jpg 300w, https:\/\/www.primetta.de\/wp-content\/uploads\/2025\/05\/Schneebrille_250505_02-1024x686.jpg 1024w, https:\/\/www.primetta.de\/wp-content\/uploads\/2025\/05\/Schneebrille_250505_02-768x515.jpg 768w, https:\/\/www.primetta.de\/wp-content\/uploads\/2025\/05\/Schneebrille_250505_02-1536x1029.jpg 1536w&quot; sizes=&quot;auto, (max-width: 1791px) 100vw, 1791px&quot; \/&gt;&lt;\/figure&gt;\n&lt;\/div&gt;\" src=\"https:\/\/www.primetta.de\/wp-content\/uploads\/2025\/05\/Schneebrille_250505_02.jpg\" alt=\"Schneebrille 03\"><\/div><div class=\"produkt-thumbs\"><div><img decoding=\"async\" src=\"https:\/\/www.primetta.de\/wp-content\/uploads\/2025\/05\/Schneebrille_250505_01.jpg\" alt=\"\"><\/div><div><img decoding=\"async\" src=\"https:\/\/www.primetta.de\/wp-content\/uploads\/2025\/05\/Schneebrille_250505_03.jpg\" alt=\"\"><\/div><div><img decoding=\"async\" src=\"https:\/\/www.primetta.de\/wp-content\/uploads\/2025\/05\/Schneebrille_250505_02.jpg\" alt=\"\"><\/div><\/div><div class=\"produkt-buttons-unter-slider\"><div class=\"wp-block-button is-style-white\"><a class=\"wp-block-button__link wp-element-button\" href=\"\/es\/kontakt\/\">Contacto<\/a><\/div><div class=\"wp-block-buttons\"><div class=\"wp-block-button is-style-extra-icon\"><a class=\"wp-block-button__link wp-element-button details-button\" data-content=\"&lt;div class=&quot;wp-block-image&quot;&gt;\n&lt;figure class=&quot;aligncenter size-full show-on-all&quot; data-layer=&quot;0&quot;&gt;&lt;img loading=&quot;lazy&quot; decoding=&quot;async&quot; width=&quot;1791&quot; height=&quot;1200&quot; src=&quot;https:\/\/www.primetta.de\/wp-content\/uploads\/2025\/05\/Schneebrille_250505_02.jpg&quot; alt=&quot;&quot; class=&quot;wp-image-989&quot; style=&quot;aspect-ratio:16\/9;object-fit:cover&quot; srcset=&quot;https:\/\/www.primetta.de\/wp-content\/uploads\/2025\/05\/Schneebrille_250505_02.jpg 1791w, https:\/\/www.primetta.de\/wp-content\/uploads\/2025\/05\/Schneebrille_250505_02-300x201.jpg 300w, https:\/\/www.primetta.de\/wp-content\/uploads\/2025\/05\/Schneebrille_250505_02-1024x686.jpg 1024w, https:\/\/www.primetta.de\/wp-content\/uploads\/2025\/05\/Schneebrille_250505_02-768x515.jpg 768w, https:\/\/www.primetta.de\/wp-content\/uploads\/2025\/05\/Schneebrille_250505_02-1536x1029.jpg 1536w&quot; sizes=&quot;auto, (max-width: 1791px) 100vw, 1791px&quot; \/&gt;&lt;\/figure&gt;\n&lt;\/div&gt;\">Detalles<\/a><\/div><\/div><\/div><\/div><\/div><\/div><\/div><\/div><\/div>\n    <div class=\"lightbox\">\n        <div class=\"lightbox-content\">\n            <img decoding=\"async\" src=\"https:\/\/www.primetta.de\/wp-content\/themes\/primetta\/assets\/close-lightbox-white.svg\" class=\"lightbox-close\" alt=\"Schlie\u00dfen\">\n            <div class=\"lightbox-body\"><\/div>\n        <\/div>\n    <\/div>\n<\/div>\n<\/div>\n\n\n\n<div class=\"wp-block-cover alignfull hdss-hide-on-mobile\" style=\"min-height:700px;aspect-ratio:unset;\"><img loading=\"lazy\" decoding=\"async\" width=\"1920\" height=\"700\" class=\"wp-block-cover__image-background wp-image-77\" alt=\"\" src=\"https:\/\/www.primetta.de\/wp-content\/uploads\/2025\/02\/Hintergrund_Kontakt.svg\" style=\"object-position:50% 75%\" data-object-fit=\"cover\" data-object-position=\"50% 75%\"\/><span aria-hidden=\"true\" class=\"wp-block-cover__background has-background-dim-0 has-background-dim\" style=\"background-color:#504f4d\"><\/span><div class=\"wp-block-cover__inner-container is-layout-constrained wp-block-cover-is-layout-constrained\">\n<div class=\"wp-block-columns show-on-all is-layout-flex wp-container-core-columns-is-layout-9d6595d7 wp-block-columns-is-layout-flex\">\n<div class=\"wp-block-column show-on-all is-layout-flow wp-block-column-is-layout-flow\" style=\"flex-basis:200px\"><\/div>\n\n\n\n<div class=\"wp-block-column show-on-all is-layout-flow wp-block-column-is-layout-flow\">\n<figure class=\"wp-block-image size-full is-resized is-style-default use-move-image margin-top-150px has-image-parallax show-on-all\" data-layer=\"1\"><img loading=\"lazy\" decoding=\"async\" width=\"900\" height=\"900\" src=\"https:\/\/www.primetta.de\/wp-content\/uploads\/2025\/05\/Motiv_5_Viereck.jpg\" alt=\"\" class=\"wp-image-1889\" style=\"object-fit:cover;width:420px;height:420px\" srcset=\"https:\/\/www.primetta.de\/wp-content\/uploads\/2025\/05\/Motiv_5_Viereck.jpg 900w, https:\/\/www.primetta.de\/wp-content\/uploads\/2025\/05\/Motiv_5_Viereck-300x300.jpg 300w, https:\/\/www.primetta.de\/wp-content\/uploads\/2025\/05\/Motiv_5_Viereck-150x150.jpg 150w, https:\/\/www.primetta.de\/wp-content\/uploads\/2025\/05\/Motiv_5_Viereck-768x768.jpg 768w\" sizes=\"auto, (max-width: 900px) 100vw, 900px\" \/><\/figure>\n<\/div>\n\n\n\n<div class=\"wp-block-column is-vertically-aligned-center show-on-all is-layout-flow wp-block-column-is-layout-flow\">\n<div class=\"wp-block-columns show-on-all is-layout-flex wp-container-core-columns-is-layout-9d6595d7 wp-block-columns-is-layout-flex\">\n<div class=\"wp-block-column show-on-all is-layout-flow wp-block-column-is-layout-flow\" style=\"flex-basis:60px\"><\/div>\n\n\n\n<div class=\"wp-block-column show-on-all is-layout-flow wp-block-column-is-layout-flow\">\n<h2 class=\"wp-block-heading show-on-all\">Contacto<\/h2>\n\n\n\n<p class=\"show-on-all\">\u00bfDesea obtener m\u00e1s informaci\u00f3n sobre nuestros productos o tiene alguna pregunta? Env\u00edenos su consulta, estaremos encantados de atenderle.<\/p>\n\n\n\n<div class=\"wp-block-buttons show-on-all is-layout-flex wp-block-buttons-is-layout-flex\">\n<div class=\"wp-block-button is-style-white show-on-all\"><a class=\"wp-block-button__link wp-element-button\" href=\"https:\/\/www.primetta.de\/es\/kontakt\/\">Contactar ahora<\/a><\/div>\n<\/div>\n<\/div>\n<\/div>\n<\/div>\n<\/div>\n<\/div><\/div>\n\n\n\n<div class=\"wp-block-cover alignfull is-style-cover-margin hdss-hide-on-desktop\"><span aria-hidden=\"true\" class=\"wp-block-cover__background has-black-background-color has-background-dim-100 has-background-dim\"><\/span><div class=\"wp-block-cover__inner-container is-layout-constrained wp-block-cover-is-layout-constrained\">\n<h2 class=\"wp-block-heading has-white-color has-text-color has-link-color show-on-all wp-elements-6ec87b5d762556fddab0eb68835cfc8f\">Contacto<\/h2>\n\n\n\n<p class=\"has-white-color has-text-color has-link-color show-on-all wp-elements-a886510a6aa22217c47e036af0d8b009\">\u00bfDesea obtener m\u00e1s informaci\u00f3n sobre nuestros productos o tiene alguna pregunta? Env\u00edenos su consulta, estaremos encantados de atenderle.<\/p>\n\n\n\n<div class=\"wp-block-buttons show-on-all is-layout-flex wp-block-buttons-is-layout-flex\">\n<div class=\"wp-block-button is-style-white show-on-all\"><a class=\"wp-block-button__link wp-element-button\" href=\"https:\/\/www.primetta.de\/es\/kontakt\/\">Contactar ahora<\/a><\/div>\n<\/div>\n\n\n\n<div style=\"height:50px\" aria-hidden=\"true\" class=\"wp-block-spacer hdss-hide-on-desktop\"><\/div>\n<\/div><\/div>\n\n\n\n<div class=\"wp-block-group alignfull is-style-group-margin hdss-hide-on-desktop\"><div class=\"wp-block-group__inner-container is-layout-constrained wp-block-group-is-layout-constrained\">\n<figure class=\"wp-block-image size-full is-resized is-style-primetta-bild-rand-links show-on-all\" data-layer=\"0\"><img loading=\"lazy\" decoding=\"async\" width=\"900\" height=\"900\" src=\"https:\/\/www.primetta.de\/wp-content\/uploads\/2025\/05\/Motiv_5_Viereck.jpg\" alt=\"\" class=\"wp-image-1889\" style=\"object-fit:cover;width:420px;height:420px\" srcset=\"https:\/\/www.primetta.de\/wp-content\/uploads\/2025\/05\/Motiv_5_Viereck.jpg 900w, https:\/\/www.primetta.de\/wp-content\/uploads\/2025\/05\/Motiv_5_Viereck-300x300.jpg 300w, https:\/\/www.primetta.de\/wp-content\/uploads\/2025\/05\/Motiv_5_Viereck-150x150.jpg 150w, https:\/\/www.primetta.de\/wp-content\/uploads\/2025\/05\/Motiv_5_Viereck-768x768.jpg 768w\" sizes=\"auto, (max-width: 900px) 100vw, 900px\" \/><\/figure>\n<\/div><\/div>\n","protected":false},"excerpt":{"rendered":"<p>Nuestros Modelos Las gafas ideales para cada look y tipo de rostro, pensadas para los deportes de invierno. Gracias a la tecnolog\u00eda Anti-Fog, aseguramos la m\u00e1xima protecci\u00f3n contra el empa\u00f1amiento, y con la tecnolog\u00eda de doble lente mejoramos el contraste. Nuestro equipo comercial estar\u00e1 encantado de informarte sobre la colecci\u00f3n actual. BACKINBLACK representa gafas funcionales [&hellip;]<\/p>\n","protected":false},"author":1,"featured_media":0,"parent":32,"menu_order":24,"comment_status":"closed","ping_status":"closed","template":"","meta":{"footnotes":""},"class_list":["post-52","page","type-page","status-publish","hentry"],"_links":{"self":[{"href":"https:\/\/www.primetta.de\/es\/wp-json\/wp\/v2\/pages\/52","targetHints":{"allow":["GET"]}}],"collection":[{"href":"https:\/\/www.primetta.de\/es\/wp-json\/wp\/v2\/pages"}],"about":[{"href":"https:\/\/www.primetta.de\/es\/wp-json\/wp\/v2\/types\/page"}],"author":[{"embeddable":true,"href":"https:\/\/www.primetta.de\/es\/wp-json\/wp\/v2\/users\/1"}],"replies":[{"embeddable":true,"href":"https:\/\/www.primetta.de\/es\/wp-json\/wp\/v2\/comments?post=52"}],"version-history":[{"count":126,"href":"https:\/\/www.primetta.de\/es\/wp-json\/wp\/v2\/pages\/52\/revisions"}],"predecessor-version":[{"id":3424,"href":"https:\/\/www.primetta.de\/es\/wp-json\/wp\/v2\/pages\/52\/revisions\/3424"}],"up":[{"embeddable":true,"href":"https:\/\/www.primetta.de\/es\/wp-json\/wp\/v2\/pages\/32"}],"wp:attachment":[{"href":"https:\/\/www.primetta.de\/es\/wp-json\/wp\/v2\/media?parent=52"}],"curies":[{"name":"wp","href":"https:\/\/api.w.org\/{rel}","templated":true}]}}