{"id":38,"date":"2025-02-21T15:44:19","date_gmt":"2025-02-21T14:44:19","guid":{"rendered":"https:\/\/www.primetta.de\/?page_id=38"},"modified":"2025-08-04T17:53:45","modified_gmt":"2025-08-04T15:53:45","slug":"kontakt","status":"publish","type":"page","link":"https:\/\/www.primetta.de\/es\/kontakt\/","title":{"rendered":"Kontakt"},"content":{"rendered":"\n<div class=\"wp-block-cover alignfull show-on-all\" style=\"min-height:600px;aspect-ratio:unset;\"><img loading=\"lazy\" decoding=\"async\" width=\"1920\" height=\"600\" class=\"wp-block-cover__image-background wp-image-75\" alt=\"\" src=\"https:\/\/www.primetta.de\/wp-content\/uploads\/2025\/02\/Hintergrund_Header_Produktseite.svg\" data-object-fit=\"cover\"\/><span aria-hidden=\"true\" class=\"wp-block-cover__background has-background-dim-0 has-background-dim\" style=\"background-color:#71706c\"><\/span><div class=\"wp-block-cover__inner-container is-layout-constrained wp-block-cover-is-layout-constrained\">\n<div class=\"wp-block-columns show-on-all is-layout-flex wp-container-core-columns-is-layout-9d6595d7 wp-block-columns-is-layout-flex\">\n<div class=\"wp-block-column hdss-hide-on-mobile is-layout-flow wp-block-column-is-layout-flow\" style=\"flex-basis:640px\">\n<figure class=\"wp-block-image size-full use-move-image margin-top-160px has-image-parallax show-on-all\" data-layer=\"1\"><img loading=\"lazy\" decoding=\"async\" width=\"1977\" height=\"1350\" src=\"https:\/\/www.primetta.de\/wp-content\/uploads\/2025\/05\/Motiv_4_Quer.jpg\" alt=\"\" class=\"wp-image-1899\" srcset=\"https:\/\/www.primetta.de\/wp-content\/uploads\/2025\/05\/Motiv_4_Quer.jpg 1977w, https:\/\/www.primetta.de\/wp-content\/uploads\/2025\/05\/Motiv_4_Quer-300x205.jpg 300w, https:\/\/www.primetta.de\/wp-content\/uploads\/2025\/05\/Motiv_4_Quer-1024x699.jpg 1024w, https:\/\/www.primetta.de\/wp-content\/uploads\/2025\/05\/Motiv_4_Quer-768x524.jpg 768w, https:\/\/www.primetta.de\/wp-content\/uploads\/2025\/05\/Motiv_4_Quer-1536x1049.jpg 1536w\" sizes=\"auto, (max-width: 1977px) 100vw, 1977px\" \/><\/figure>\n<\/div>\n\n\n\n<div class=\"wp-block-column is-vertically-aligned-center show-on-all is-layout-flow wp-block-column-is-layout-flow\">\n<h1 class=\"wp-block-heading has-text-align-center is-style-heading-z-index show-on-all\">Contacto<\/h1>\n<\/div>\n\n\n\n<div class=\"wp-block-column hdss-hide-on-mobile is-layout-flow wp-block-column-is-layout-flow\" style=\"flex-basis:640px\">\n<figure class=\"wp-block-image size-full has-image-parallax show-on-all\" data-direction=\"with\" data-layer=\"1\"><img loading=\"lazy\" decoding=\"async\" width=\"1977\" height=\"1350\" src=\"https:\/\/www.primetta.de\/wp-content\/uploads\/2025\/05\/Motiv_3_Quer.jpg\" alt=\"\" class=\"wp-image-1902\" srcset=\"https:\/\/www.primetta.de\/wp-content\/uploads\/2025\/05\/Motiv_3_Quer.jpg 1977w, https:\/\/www.primetta.de\/wp-content\/uploads\/2025\/05\/Motiv_3_Quer-300x205.jpg 300w, https:\/\/www.primetta.de\/wp-content\/uploads\/2025\/05\/Motiv_3_Quer-1024x699.jpg 1024w, https:\/\/www.primetta.de\/wp-content\/uploads\/2025\/05\/Motiv_3_Quer-768x524.jpg 768w, https:\/\/www.primetta.de\/wp-content\/uploads\/2025\/05\/Motiv_3_Quer-1536x1049.jpg 1536w\" sizes=\"auto, (max-width: 1977px) 100vw, 1977px\" \/><\/figure>\n<\/div>\n<\/div>\n<\/div><\/div>\n\n\n\n<div class=\"wp-block-group alignfull is-style-group-margin hdss-hide-on-desktop\"><div class=\"wp-block-group__inner-container is-layout-constrained wp-block-group-is-layout-constrained\">\n<figure class=\"wp-block-image size-full is-resized is-style-primetta-bild-rand-links show-on-all\" data-layer=\"0\"><img loading=\"lazy\" decoding=\"async\" width=\"1000\" height=\"1000\" src=\"https:\/\/www.primetta.de\/wp-content\/uploads\/2025\/05\/Motiv_4_Viereck.jpg\" alt=\"\" class=\"wp-image-1886\" style=\"object-fit:cover;width:420px;height:420px\" srcset=\"https:\/\/www.primetta.de\/wp-content\/uploads\/2025\/05\/Motiv_4_Viereck.jpg 1000w, https:\/\/www.primetta.de\/wp-content\/uploads\/2025\/05\/Motiv_4_Viereck-300x300.jpg 300w, https:\/\/www.primetta.de\/wp-content\/uploads\/2025\/05\/Motiv_4_Viereck-150x150.jpg 150w, https:\/\/www.primetta.de\/wp-content\/uploads\/2025\/05\/Motiv_4_Viereck-768x768.jpg 768w\" sizes=\"auto, (max-width: 1000px) 100vw, 1000px\" \/><\/figure>\n<\/div><\/div>\n\n\n\n<div class=\"wp-block-group show-on-all\"><div class=\"wp-block-group__inner-container is-layout-constrained wp-block-group-is-layout-constrained\">\n<div class=\"wp-block-columns show-on-all is-layout-flex wp-container-core-columns-is-layout-9d6595d7 wp-block-columns-is-layout-flex\">\n<div class=\"wp-block-column show-on-all is-layout-flow wp-block-column-is-layout-flow\" style=\"flex-basis:420px\">\n<h2 class=\"wp-block-heading has-brown-color has-text-color has-link-color show-on-all wp-elements-8dd8caa06aed3bc3d90e292f4235305a\">P\u00f3ngase en contacto<\/h2>\n\n\n\n<p class=\"show-on-all\"><strong>\u00bfHemos despertado su inter\u00e9s?<\/strong><br><br>Ya sea para preguntas sobre el surtido, las condiciones o una posible colaboraci\u00f3n, esperamos su mensaje y estamos a su disposici\u00f3n.<\/p>\n<\/div>\n\n\n\n<div class=\"wp-block-column show-on-all is-layout-flow wp-block-column-is-layout-flow\"><\/div>\n<\/div>\n<\/div><\/div>\n\n\n\n<div class=\"wp-block-columns show-on-all is-layout-flex wp-container-core-columns-is-layout-9d6595d7 wp-block-columns-is-layout-flex\">\n<div class=\"wp-block-column show-on-all is-layout-flow wp-block-column-is-layout-flow\">\n<div class=\"wp-block-contact-form-7-contact-form-selector show-on-all\">\n<div class=\"wpcf7 no-js\" id=\"wpcf7-f416-o1\" lang=\"de-DE\" dir=\"ltr\" data-wpcf7-id=\"416\">\n<div class=\"screen-reader-response\"><p role=\"status\" aria-live=\"polite\" aria-atomic=\"true\"><\/p> <ul><\/ul><\/div>\n<form action=\"\/es\/wp-json\/wp\/v2\/pages\/38#wpcf7-f416-o1\" method=\"post\" class=\"wpcf7-form init\" aria-label=\"Kontaktformular\" novalidate=\"novalidate\" data-status=\"init\">\n<fieldset class=\"hidden-fields-container\"><input type=\"hidden\" name=\"_wpcf7\" value=\"416\" \/><input type=\"hidden\" name=\"_wpcf7_version\" value=\"6.1.5\" \/><input type=\"hidden\" name=\"_wpcf7_locale\" value=\"de_DE\" \/><input type=\"hidden\" name=\"_wpcf7_unit_tag\" value=\"wpcf7-f416-o1\" \/><input type=\"hidden\" name=\"_wpcf7_container_post\" value=\"0\" \/><input type=\"hidden\" name=\"_wpcf7_posted_data_hash\" value=\"\" \/><input type=\"hidden\" name=\"lang\" value=\"es\" \/>\n<\/fieldset>\n<div class=\"kontaktformular-layout\">\n<label> \n    <span class=\"wpcf7-form-control-wrap\" data-name=\"your-name\"><input size=\"40\" maxlength=\"400\" class=\"wpcf7-form-control wpcf7-text wpcf7-validates-as-required\" autocomplete=\"name\" aria-required=\"true\" aria-invalid=\"false\" placeholder=\"Nombre*\" value=\"\" type=\"text\" name=\"your-name\" \/><\/span> <\/label>\n\n<label> \n    <span class=\"wpcf7-form-control-wrap\" data-name=\"your-firma\"><input size=\"40\" maxlength=\"400\" class=\"wpcf7-form-control wpcf7-text\" autocomplete=\"name\" aria-invalid=\"false\" placeholder=\"Empresa\" value=\"\" type=\"text\" name=\"your-firma\" \/><\/span> <\/label>\n\n<label> \n    <span class=\"wpcf7-form-control-wrap\" data-name=\"your-email\"><input size=\"40\" maxlength=\"400\" class=\"wpcf7-form-control wpcf7-email wpcf7-validates-as-required wpcf7-text wpcf7-validates-as-email\" autocomplete=\"email\" aria-required=\"true\" aria-invalid=\"false\" placeholder=\"Correo electr\u00f3nico*\" value=\"\" type=\"email\" name=\"your-email\" \/><\/span> <\/label>\n\n<label> \n   <span class=\"wpcf7-form-control-wrap\" data-name=\"tel-402\"><input size=\"40\" maxlength=\"400\" class=\"wpcf7-form-control wpcf7-tel wpcf7-validates-as-required wpcf7-text wpcf7-validates-as-tel\" aria-required=\"true\" aria-invalid=\"false\" placeholder=\"Tel\u00e9fono*\" value=\"\" type=\"tel\" name=\"tel-402\" \/><\/span> <\/label>\n\n<\/div>\n\n<label> \n    <span class=\"wpcf7-form-control-wrap\" data-name=\"your-message\"><textarea cols=\"40\" rows=\"10\" maxlength=\"2000\" class=\"wpcf7-form-control wpcf7-textarea wpcf7-validates-as-required\" aria-required=\"true\" aria-invalid=\"false\" placeholder=\"Mensaje*\" name=\"your-message\"><\/textarea><\/span> <\/label>\n\n<div class=\"kontaktpadding\">\n<span class=\"wpcf7-form-control-wrap\" data-name=\"acceptance-6\"><span class=\"wpcf7-form-control wpcf7-acceptance\"><span class=\"wpcf7-list-item\"><label><input type=\"checkbox\" name=\"acceptance-6\" value=\"1\" aria-invalid=\"false\" \/><span class=\"wpcf7-list-item-label\"><div class=\"datenschutzhinweis\">He le\u00eddo el <a href=\"\/datenschutz\/\">aviso de privacidad<\/a>.<\/div><\/span><\/label><\/span><\/span><\/span>\n\n\n<span class=\"wpcf7-form-control-wrap\" data-name=\"cf7ic-904\"><span class=\"wpcf7-form-control wpcf7-cf7ic wpcf7-validates-as-required\" aria-invalid=\"false\" name=\"cf7ic-904\"><span class=\"captcha-image\"><span class=\"choices\"><label><input type=\"radio\" name=\"cf7ic-904\" value=\"a2NfZGFuY2VyMA==\" aria-label=\"Icon el ojo\" \/><i aria-hidden=\"true\" class=\"icon-Icon-Auge\"><\/i><\/label><label><input type=\"radio\" name=\"cf7ic-904\" value=\"a2NfZGFuY2VyMQ==\" aria-label=\"Icon las gafas\" \/><i aria-hidden=\"true\" class=\"icon-Icon-Brille\"><\/i><\/label><label><input type=\"radio\" name=\"cf7ic-904\" value=\"a2NfZGFuY2VyMg==\" aria-label=\"Icon el sol\" \/><i aria-hidden=\"true\" class=\"icon-Icon-Sonne\"><\/i><\/label><label><input type=\"radio\" name=\"cf7ic-904\" value=\"a2NfaHVtYW4=\" aria-label=\"Icon la nube\" \/><i aria-hidden=\"true\" class=\"icon-Icon-Wolke\"><\/i><\/label>\n    <\/span><\/span>\n    <span style=\"display:none\">\n        <input type=\"text\" aria-label=\"Bitte nicht ausf\u00fcllen\" name=\"a2NfaG9uZXlwb3Q=\">\n    <\/span><span class=\"cf7ic_instructions\">\u00bfEres humano? Entonces haz clic en la nube.<\/span><\/span><\/span>\n\n<span>\n<input class=\"wpcf7-form-control wpcf7-submit has-spinner\" type=\"submit\" value=\"Enviar\" \/>\n<\/div><\/span>\n\n<span>\n<p class=\"pflichtfeld\">*Campo obligatorio<\/>\n<\/span><div class=\"wpcf7-response-output\" aria-hidden=\"true\"><\/div>\n<\/form>\n<\/div>\n<\/div>\n<\/div>\n\n\n\n<div class=\"wp-block-column show-on-all is-layout-flow wp-block-column-is-layout-flow\" style=\"flex-basis:20%\"><\/div>\n<\/div>\n\n\n\n<div class=\"wp-block-cover alignfull hdss-hide-on-mobile\" style=\"min-height:700px;aspect-ratio:unset;\"><img loading=\"lazy\" decoding=\"async\" width=\"1920\" height=\"700\" class=\"wp-block-cover__image-background wp-image-77\" alt=\"\" src=\"https:\/\/www.primetta.de\/wp-content\/uploads\/2025\/02\/Hintergrund_Kontakt.svg\" style=\"object-position:50% 75%\" data-object-fit=\"cover\" data-object-position=\"50% 75%\"\/><span aria-hidden=\"true\" class=\"wp-block-cover__background has-background-dim-0 has-background-dim\" style=\"background-color:#504f4d\"><\/span><div class=\"wp-block-cover__inner-container is-layout-constrained wp-block-cover-is-layout-constrained\">\n<div class=\"wp-block-columns show-on-all is-layout-flex wp-container-core-columns-is-layout-9d6595d7 wp-block-columns-is-layout-flex\">\n<div class=\"wp-block-column show-on-all is-layout-flow wp-block-column-is-layout-flow\" style=\"flex-basis:200px\"><\/div>\n\n\n\n<div class=\"wp-block-column show-on-all is-layout-flow wp-block-column-is-layout-flow\">\n<figure class=\"wp-block-image size-full is-resized is-style-default use-move-image margin-top-150px has-image-parallax show-on-all\" data-layer=\"1\"><img loading=\"lazy\" decoding=\"async\" width=\"900\" height=\"900\" src=\"https:\/\/www.primetta.de\/wp-content\/uploads\/2025\/05\/Motiv_5_Viereck.jpg\" alt=\"\" class=\"wp-image-1889\" style=\"object-fit:cover;width:420px;height:420px\" srcset=\"https:\/\/www.primetta.de\/wp-content\/uploads\/2025\/05\/Motiv_5_Viereck.jpg 900w, https:\/\/www.primetta.de\/wp-content\/uploads\/2025\/05\/Motiv_5_Viereck-300x300.jpg 300w, https:\/\/www.primetta.de\/wp-content\/uploads\/2025\/05\/Motiv_5_Viereck-150x150.jpg 150w, https:\/\/www.primetta.de\/wp-content\/uploads\/2025\/05\/Motiv_5_Viereck-768x768.jpg 768w\" sizes=\"auto, (max-width: 900px) 100vw, 900px\" \/><\/figure>\n<\/div>\n\n\n\n<div class=\"wp-block-column is-vertically-aligned-center show-on-all is-layout-flow wp-block-column-is-layout-flow\">\n<div class=\"wp-block-columns show-on-all is-layout-flex wp-container-core-columns-is-layout-9d6595d7 wp-block-columns-is-layout-flex\">\n<div class=\"wp-block-column show-on-all is-layout-flow wp-block-column-is-layout-flow\" style=\"flex-basis:60px\"><\/div>\n\n\n\n<div class=\"wp-block-column show-on-all is-layout-flow wp-block-column-is-layout-flow\">\n<h2 class=\"wp-block-heading show-on-all\">Nuestros productos<\/h2>\n\n\n\n<p class=\"show-on-all\">Primetta representa gafas que ofrecen mucho m\u00e1s. Ya sea para el sol, el d\u00eda a d\u00eda, el deporte o la nieve, ofrecemos soluciones elegantes con una visi\u00f3n n\u00edtida y un dise\u00f1o impactante.<\/p>\n\n\n\n<div class=\"wp-block-buttons show-on-all is-layout-flex wp-block-buttons-is-layout-flex\">\n<div class=\"wp-block-button is-style-white-outline show-on-all\"><a class=\"wp-block-button__link wp-element-button\" href=\"https:\/\/www.primetta.de\/es\/#Productos\">Ver productos<\/a><\/div>\n<\/div>\n<\/div>\n<\/div>\n<\/div>\n<\/div>\n<\/div><\/div>\n\n\n\n<div class=\"wp-block-cover alignfull is-style-cover-margin hdss-hide-on-desktop\"><span aria-hidden=\"true\" class=\"wp-block-cover__background has-black-background-color has-background-dim-100 has-background-dim\"><\/span><div class=\"wp-block-cover__inner-container is-layout-constrained wp-block-cover-is-layout-constrained\">\n<h2 class=\"wp-block-heading has-white-color has-text-color has-link-color show-on-all wp-elements-29915ac17ef2a56d99f831c09274af20\">Nuestros productos<\/h2>\n\n\n\n<p class=\"has-white-color has-text-color has-link-color show-on-all wp-elements-79783d71c47e66390880581868d37814\">Primetta representa gafas que ofrecen mucho m\u00e1s. Ya sea para el sol, el d\u00eda a d\u00eda, el deporte o la nieve, ofrecemos soluciones elegantes con una visi\u00f3n n\u00edtida y un dise\u00f1o impactante.<\/p>\n\n\n\n<div class=\"wp-block-buttons show-on-all is-layout-flex wp-block-buttons-is-layout-flex\">\n<div class=\"wp-block-button is-style-white-outline show-on-all\"><a class=\"wp-block-button__link wp-element-button\" href=\"https:\/\/www.primetta.de\/es\/#Productos\">Ver productos<\/a><\/div>\n<\/div>\n\n\n\n<div style=\"height:50px\" aria-hidden=\"true\" class=\"wp-block-spacer hdss-hide-on-desktop\"><\/div>\n<\/div><\/div>\n\n\n\n<div class=\"wp-block-group alignfull is-style-group-margin hdss-hide-on-desktop\"><div class=\"wp-block-group__inner-container is-layout-constrained wp-block-group-is-layout-constrained\">\n<figure class=\"wp-block-image size-full is-resized is-style-primetta-bild-rand-links show-on-all\" data-layer=\"0\"><img loading=\"lazy\" decoding=\"async\" width=\"900\" height=\"900\" src=\"https:\/\/www.primetta.de\/wp-content\/uploads\/2025\/05\/Motiv_5_Viereck.jpg\" alt=\"\" class=\"wp-image-1889\" style=\"object-fit:cover;width:420px;height:420px\" srcset=\"https:\/\/www.primetta.de\/wp-content\/uploads\/2025\/05\/Motiv_5_Viereck.jpg 900w, https:\/\/www.primetta.de\/wp-content\/uploads\/2025\/05\/Motiv_5_Viereck-300x300.jpg 300w, https:\/\/www.primetta.de\/wp-content\/uploads\/2025\/05\/Motiv_5_Viereck-150x150.jpg 150w, https:\/\/www.primetta.de\/wp-content\/uploads\/2025\/05\/Motiv_5_Viereck-768x768.jpg 768w\" sizes=\"auto, (max-width: 900px) 100vw, 900px\" \/><\/figure>\n<\/div><\/div>\n","protected":false},"excerpt":{"rendered":"<p>P\u00f3ngase en contacto \u00bfHemos despertado su inter\u00e9s? Ya sea para preguntas sobre el surtido, las condiciones o una posible colaboraci\u00f3n, esperamos su mensaje y estamos a su disposici\u00f3n.<\/p>\n","protected":false},"author":1,"featured_media":0,"parent":0,"menu_order":50,"comment_status":"closed","ping_status":"closed","template":"","meta":{"footnotes":""},"class_list":["post-38","page","type-page","status-publish","hentry"],"_links":{"self":[{"href":"https:\/\/www.primetta.de\/es\/wp-json\/wp\/v2\/pages\/38","targetHints":{"allow":["GET"]}}],"collection":[{"href":"https:\/\/www.primetta.de\/es\/wp-json\/wp\/v2\/pages"}],"about":[{"href":"https:\/\/www.primetta.de\/es\/wp-json\/wp\/v2\/types\/page"}],"author":[{"embeddable":true,"href":"https:\/\/www.primetta.de\/es\/wp-json\/wp\/v2\/users\/1"}],"replies":[{"embeddable":true,"href":"https:\/\/www.primetta.de\/es\/wp-json\/wp\/v2\/comments?post=38"}],"version-history":[{"count":36,"href":"https:\/\/www.primetta.de\/es\/wp-json\/wp\/v2\/pages\/38\/revisions"}],"predecessor-version":[{"id":3428,"href":"https:\/\/www.primetta.de\/es\/wp-json\/wp\/v2\/pages\/38\/revisions\/3428"}],"wp:attachment":[{"href":"https:\/\/www.primetta.de\/es\/wp-json\/wp\/v2\/media?parent=38"}],"curies":[{"name":"wp","href":"https:\/\/api.w.org\/{rel}","templated":true}]}}