{"id":144,"date":"2025-02-25T12:03:17","date_gmt":"2025-02-25T11:03:17","guid":{"rendered":"https:\/\/www.primetta.de\/?page_id=144"},"modified":"2025-08-04T17:53:40","modified_gmt":"2025-08-04T15:53:40","slug":"impressum","status":"publish","type":"page","link":"https:\/\/www.primetta.de\/es\/impressum\/","title":{"rendered":"Impressum"},"content":{"rendered":"\n<div class=\"wp-block-cover alignfull show-on-all\" style=\"min-height:600px;aspect-ratio:unset;\"><img loading=\"lazy\" decoding=\"async\" width=\"1920\" height=\"600\" class=\"wp-block-cover__image-background wp-image-75\" alt=\"\" src=\"https:\/\/www.primetta.de\/wp-content\/uploads\/2025\/02\/Hintergrund_Header_Produktseite.svg\" data-object-fit=\"cover\"\/><span aria-hidden=\"true\" class=\"wp-block-cover__background has-background-dim-0 has-background-dim\" style=\"background-color:#71706c\"><\/span><div class=\"wp-block-cover__inner-container is-layout-constrained wp-block-cover-is-layout-constrained\">\n<div class=\"wp-block-columns show-on-all is-layout-flex wp-container-core-columns-is-layout-9d6595d7 wp-block-columns-is-layout-flex\">\n<div class=\"wp-block-column show-on-all is-layout-flow wp-block-column-is-layout-flow\" style=\"flex-basis:640px\">\n<figure class=\"wp-block-image size-full use-move-image margin-top-160px has-image-parallax show-on-all\" data-layer=\"1\"><img loading=\"lazy\" decoding=\"async\" width=\"1977\" height=\"1350\" src=\"https:\/\/www.primetta.de\/wp-content\/uploads\/2025\/05\/Motiv_6_Quer.jpg\" alt=\"\" class=\"wp-image-1900\" srcset=\"https:\/\/www.primetta.de\/wp-content\/uploads\/2025\/05\/Motiv_6_Quer.jpg 1977w, https:\/\/www.primetta.de\/wp-content\/uploads\/2025\/05\/Motiv_6_Quer-300x205.jpg 300w, https:\/\/www.primetta.de\/wp-content\/uploads\/2025\/05\/Motiv_6_Quer-1024x699.jpg 1024w, https:\/\/www.primetta.de\/wp-content\/uploads\/2025\/05\/Motiv_6_Quer-768x524.jpg 768w, https:\/\/www.primetta.de\/wp-content\/uploads\/2025\/05\/Motiv_6_Quer-1536x1049.jpg 1536w\" sizes=\"auto, (max-width: 1977px) 100vw, 1977px\" \/><\/figure>\n<\/div>\n\n\n\n<div class=\"wp-block-column is-vertically-aligned-center show-on-all is-layout-flow wp-block-column-is-layout-flow\">\n<h1 class=\"wp-block-heading has-text-align-center is-style-heading-z-index show-on-all\">Impressum<\/h1>\n<\/div>\n\n\n\n<div class=\"wp-block-column show-on-all is-layout-flow wp-block-column-is-layout-flow\" style=\"flex-basis:640px\">\n<figure class=\"wp-block-image size-full has-image-parallax show-on-all\" data-direction=\"with\" data-layer=\"1\"><img loading=\"lazy\" decoding=\"async\" width=\"1977\" height=\"1350\" src=\"https:\/\/www.primetta.de\/wp-content\/uploads\/2025\/05\/Motiv_2_Quer.jpg\" alt=\"\" class=\"wp-image-1901\" srcset=\"https:\/\/www.primetta.de\/wp-content\/uploads\/2025\/05\/Motiv_2_Quer.jpg 1977w, https:\/\/www.primetta.de\/wp-content\/uploads\/2025\/05\/Motiv_2_Quer-300x205.jpg 300w, https:\/\/www.primetta.de\/wp-content\/uploads\/2025\/05\/Motiv_2_Quer-1024x699.jpg 1024w, https:\/\/www.primetta.de\/wp-content\/uploads\/2025\/05\/Motiv_2_Quer-768x524.jpg 768w, https:\/\/www.primetta.de\/wp-content\/uploads\/2025\/05\/Motiv_2_Quer-1536x1049.jpg 1536w\" sizes=\"auto, (max-width: 1977px) 100vw, 1977px\" \/><\/figure>\n<\/div>\n<\/div>\n<\/div><\/div>\n\n\n\n<div class=\"wp-block-columns show-on-all is-layout-flex wp-container-core-columns-is-layout-9d6595d7 wp-block-columns-is-layout-flex\">\n<div class=\"wp-block-column show-on-all is-layout-flow wp-block-column-is-layout-flow\">\n<p class=\"show-on-all\">PRIMETTA GMBH &#038; CO. KG<br>Max-Planck-Str. 111<br>32107 Bad Salzuflen<br>Alemania<br>Tel +49 5222 986020<br>Fax +49 5222 986080<br>E-Mail: info@primetta.de<br><br>CONCEPTO Y REALIZACI\u00d3N<br><a href=\"https:\/\/www.huishu-agentur.de\/\">HUisHU. Agencia creativa digital en Hannover y HamburgoLemgo HRA 5596<\/a><\/p>\n<\/div>\n\n\n\n<div class=\"wp-block-column show-on-all is-layout-flow wp-block-column-is-layout-flow\">\n<p class=\"show-on-all\">CIF: DE306798050<br>Sitz der Gesellschaft: Bad Salzuflen<br>Registro mercantil: Juzgado de lo Mercantil de Lemgo HRA 5596<\/p>\n\n\n\n<p class=\"show-on-all\">Socio colectivo: PRIMETTA Management GmbH<br>Sede de la sociedad: Bad Salzuflen<br>Registro mercantil: Juzgado de lo Mercantil de Lemgo HRB 8850<br>Director general: Christoph Stelzle<\/p>\n<\/div>\n<\/div>\n\n\n\n<div class=\"wp-block-columns show-on-all is-layout-flex wp-container-core-columns-is-layout-9d6595d7 wp-block-columns-is-layout-flex\">\n<div class=\"wp-block-column show-on-all is-layout-flow wp-block-column-is-layout-flow\">\n<p class=\"show-on-all\"><strong>EXENCI\u00d3N DE RESPONSABILIDAD<br><\/strong>El autor no asume ninguna responsabilidad por la actualidad, correcci\u00f3n, integridad o calidad de la informaci\u00f3n proporcionada. Quedan excluidas, por norma general, las reclamaciones de responsabilidad contra el autor que se refieran a da\u00f1os de car\u00e1cter material o inmaterial causados por el uso o no uso de la informaci\u00f3n presentada, o por el uso de informaci\u00f3n incorrecta o incompleta, salvo que se demuestre una conducta dolosa o gravemente negligente por parte del autor.<br>Todas las ofertas est\u00e1n sujetas a cambios y no son vinculantes. El autor se reserva expresamente el derecho de modificar, ampliar o eliminar partes de las p\u00e1ginas o la totalidad de la oferta sin previo aviso, o de suspender temporal o definitivamente la publicaci\u00f3n.<\/p>\n\n\n\n<p class=\"show-on-all\"><strong>AVISO SOBRE ENLACES EXTERNOS<br><\/strong>En la medida en que desde este sitio web se redirija a otras p\u00e1ginas web, se\u00f1alamos que no tenemos ninguna influencia sobre el dise\u00f1o y el contenido de dichas p\u00e1ginas enlazadas, y que no asumimos como propios sus contenidos. Esto se aplica a todos los enlaces externos incluidos en esta p\u00e1gina. En el momento de incluir los enlaces, no se detectaron contenidos ilegales en las p\u00e1ginas enlazadas. Los enlaces se revisan regularmente en busca de contenidos il\u00edcitos y, en caso de detectar infracciones legales, se eliminar\u00e1n de inmediato.<\/p>\n\n\n\n<p class=\"show-on-all\"><strong>DERECHOS DE AUTOR<br><\/strong>Todos los derechos reservados. Textos, im\u00e1genes, gr\u00e1ficos, sonidos, animaciones y v\u00eddeos, as\u00ed como su disposici\u00f3n, est\u00e1n protegidos por derechos de autor y otras leyes de protecci\u00f3n. El contenido de este sitio web no puede ser copiado, distribuido, modificado ni puesto a disposici\u00f3n de terceros con fines comerciales.<\/p>\n\n\n\n<p class=\"show-on-all\"><strong>VALIDEZ LEGAL DE ESTA EXENCI\u00d3N DE RESPONSABILIDAD<br><\/strong>Esta exenci\u00f3n de responsabilidad debe considerarse como parte del contenido del sitio web desde el cual se ha hecho referencia a esta p\u00e1gina. Si partes o formulaciones individuales de este texto no se ajustan, ya no se ajustan o no lo hacen completamente a la legislaci\u00f3n vigente, las dem\u00e1s partes del documento no se ver\u00e1n afectadas en cuanto a su contenido y validez.<\/p>\n\n\n\n<p class=\"show-on-all\"><strong>Cr\u00e9ditos de imagen<\/strong><\/p>\n<\/div>\n<\/div>\n\n\n\n<div class=\"wp-block-cover alignfull hdss-hide-on-mobile\" style=\"min-height:700px;aspect-ratio:unset;\"><img loading=\"lazy\" decoding=\"async\" width=\"1920\" height=\"700\" class=\"wp-block-cover__image-background wp-image-77\" alt=\"\" src=\"https:\/\/www.primetta.de\/wp-content\/uploads\/2025\/02\/Hintergrund_Kontakt.svg\" style=\"object-position:50% 75%\" data-object-fit=\"cover\" data-object-position=\"50% 75%\"\/><span aria-hidden=\"true\" class=\"wp-block-cover__background has-background-dim-0 has-background-dim\" style=\"background-color:#504f4d\"><\/span><div class=\"wp-block-cover__inner-container is-layout-constrained wp-block-cover-is-layout-constrained\">\n<div class=\"wp-block-columns show-on-all is-layout-flex wp-container-core-columns-is-layout-9d6595d7 wp-block-columns-is-layout-flex\">\n<div class=\"wp-block-column show-on-all is-layout-flow wp-block-column-is-layout-flow\" style=\"flex-basis:200px\"><\/div>\n\n\n\n<div class=\"wp-block-column show-on-all is-layout-flow wp-block-column-is-layout-flow\">\n<figure class=\"wp-block-image size-full is-resized is-style-default use-move-image margin-top-150px has-image-parallax show-on-all\" data-layer=\"1\"><img loading=\"lazy\" decoding=\"async\" width=\"900\" height=\"900\" src=\"https:\/\/www.primetta.de\/wp-content\/uploads\/2025\/05\/Motiv_5_Viereck.jpg\" alt=\"\" class=\"wp-image-1889\" style=\"object-fit:cover;width:420px;height:420px\" srcset=\"https:\/\/www.primetta.de\/wp-content\/uploads\/2025\/05\/Motiv_5_Viereck.jpg 900w, https:\/\/www.primetta.de\/wp-content\/uploads\/2025\/05\/Motiv_5_Viereck-300x300.jpg 300w, https:\/\/www.primetta.de\/wp-content\/uploads\/2025\/05\/Motiv_5_Viereck-150x150.jpg 150w, https:\/\/www.primetta.de\/wp-content\/uploads\/2025\/05\/Motiv_5_Viereck-768x768.jpg 768w\" sizes=\"auto, (max-width: 900px) 100vw, 900px\" \/><\/figure>\n<\/div>\n\n\n\n<div class=\"wp-block-column is-vertically-aligned-center show-on-all is-layout-flow wp-block-column-is-layout-flow\">\n<div class=\"wp-block-columns show-on-all is-layout-flex wp-container-core-columns-is-layout-9d6595d7 wp-block-columns-is-layout-flex\">\n<div class=\"wp-block-column show-on-all is-layout-flow wp-block-column-is-layout-flow\" style=\"flex-basis:60px\"><\/div>\n\n\n\n<div class=\"wp-block-column show-on-all is-layout-flow wp-block-column-is-layout-flow\">\n<h2 class=\"wp-block-heading show-on-all\">Nuestros productos<\/h2>\n\n\n\n<p class=\"show-on-all\">Primetta representa gafas que ofrecen mucho m\u00e1s. Ya sea para el sol, el d\u00eda a d\u00eda, el deporte o la nieve, ofrecemos soluciones elegantes con una visi\u00f3n n\u00edtida y un dise\u00f1o impactante.<\/p>\n\n\n\n<div class=\"wp-block-buttons show-on-all is-layout-flex wp-block-buttons-is-layout-flex\">\n<div class=\"wp-block-button is-style-white-outline show-on-all\"><a class=\"wp-block-button__link wp-element-button\" href=\"https:\/\/www.primetta.de\/es\/#Productos\">Ver productos<\/a><\/div>\n<\/div>\n<\/div>\n<\/div>\n<\/div>\n<\/div>\n<\/div><\/div>\n\n\n\n<div class=\"wp-block-cover alignfull is-style-cover-margin hdss-hide-on-desktop\"><span aria-hidden=\"true\" class=\"wp-block-cover__background has-black-background-color has-background-dim-100 has-background-dim\"><\/span><div class=\"wp-block-cover__inner-container is-layout-constrained wp-block-cover-is-layout-constrained\">\n<h2 class=\"wp-block-heading has-white-color has-text-color has-link-color show-on-all wp-elements-29915ac17ef2a56d99f831c09274af20\">Nuestros productos<\/h2>\n\n\n\n<p class=\"has-white-color has-text-color has-link-color show-on-all wp-elements-79783d71c47e66390880581868d37814\">Primetta representa gafas que ofrecen mucho m\u00e1s. Ya sea para el sol, el d\u00eda a d\u00eda, el deporte o la nieve, ofrecemos soluciones elegantes con una visi\u00f3n n\u00edtida y un dise\u00f1o impactante.<\/p>\n\n\n\n<div class=\"wp-block-buttons show-on-all is-layout-flex wp-block-buttons-is-layout-flex\">\n<div class=\"wp-block-button is-style-white-outline show-on-all\"><a class=\"wp-block-button__link wp-element-button\" href=\"https:\/\/www.primetta.de\/es\/#Productos\">Ver productos<\/a><\/div>\n<\/div>\n\n\n\n<div style=\"height:50px\" aria-hidden=\"true\" class=\"wp-block-spacer hdss-hide-on-desktop\"><\/div>\n<\/div><\/div>\n\n\n\n<div class=\"wp-block-group alignfull is-style-group-margin hdss-hide-on-desktop\"><div class=\"wp-block-group__inner-container is-layout-constrained wp-block-group-is-layout-constrained\">\n<figure class=\"wp-block-image size-full is-resized is-style-primetta-bild-rand-links show-on-all\" data-layer=\"0\"><img loading=\"lazy\" decoding=\"async\" width=\"900\" height=\"900\" src=\"https:\/\/www.primetta.de\/wp-content\/uploads\/2025\/05\/Motiv_5_Viereck.jpg\" alt=\"\" class=\"wp-image-1889\" style=\"object-fit:cover;width:420px;height:420px\" srcset=\"https:\/\/www.primetta.de\/wp-content\/uploads\/2025\/05\/Motiv_5_Viereck.jpg 900w, https:\/\/www.primetta.de\/wp-content\/uploads\/2025\/05\/Motiv_5_Viereck-300x300.jpg 300w, https:\/\/www.primetta.de\/wp-content\/uploads\/2025\/05\/Motiv_5_Viereck-150x150.jpg 150w, https:\/\/www.primetta.de\/wp-content\/uploads\/2025\/05\/Motiv_5_Viereck-768x768.jpg 768w\" sizes=\"auto, (max-width: 900px) 100vw, 900px\" \/><\/figure>\n<\/div><\/div>\n","protected":false},"excerpt":{"rendered":"<p>PRIMETTA GMBH &#038; CO. KGMax-Planck-Str. 11132107 Bad SalzuflenAlemaniaTel +49 5222 986020Fax +49 5222 986080E-Mail: info@primetta.de CONCEPTO Y REALIZACI\u00d3NHUisHU. Agencia creativa digital en Hannover y HamburgoLemgo HRA 5596 CIF: DE306798050Sitz der Gesellschaft: Bad SalzuflenRegistro mercantil: Juzgado de lo Mercantil de Lemgo HRA 5596 Socio colectivo: PRIMETTA Management GmbHSede de la sociedad: Bad SalzuflenRegistro mercantil: Juzgado de [&hellip;]<\/p>\n","protected":false},"author":1,"featured_media":0,"parent":0,"menu_order":92,"comment_status":"closed","ping_status":"closed","template":"","meta":{"footnotes":""},"class_list":["post-144","page","type-page","status-publish","hentry"],"_links":{"self":[{"href":"https:\/\/www.primetta.de\/es\/wp-json\/wp\/v2\/pages\/144","targetHints":{"allow":["GET"]}}],"collection":[{"href":"https:\/\/www.primetta.de\/es\/wp-json\/wp\/v2\/pages"}],"about":[{"href":"https:\/\/www.primetta.de\/es\/wp-json\/wp\/v2\/types\/page"}],"author":[{"embeddable":true,"href":"https:\/\/www.primetta.de\/es\/wp-json\/wp\/v2\/users\/1"}],"replies":[{"embeddable":true,"href":"https:\/\/www.primetta.de\/es\/wp-json\/wp\/v2\/comments?post=144"}],"version-history":[{"count":18,"href":"https:\/\/www.primetta.de\/es\/wp-json\/wp\/v2\/pages\/144\/revisions"}],"predecessor-version":[{"id":3488,"href":"https:\/\/www.primetta.de\/es\/wp-json\/wp\/v2\/pages\/144\/revisions\/3488"}],"wp:attachment":[{"href":"https:\/\/www.primetta.de\/es\/wp-json\/wp\/v2\/media?parent=144"}],"curies":[{"name":"wp","href":"https:\/\/api.w.org\/{rel}","templated":true}]}}